{"id":166,"date":"2022-06-08T15:31:20","date_gmt":"2022-06-08T15:31:20","guid":{"rendered":"https:\/\/pixelprime.co\/themes\/jobster-wp\/demo-1\/?page_id=134"},"modified":"2025-01-07T16:03:34","modified_gmt":"2025-01-07T19:03:34","slug":"homepage","status":"publish","type":"page","link":"https:\/\/favag.edu.br\/conecta\/","title":{"rendered":"Homepage"},"content":{"rendered":"<section class=\"mt-100\">\n                        <div class=\"pxp-container\">\n                            <div class=\"row justify-content-between align-items-end\">\n                                <div class=\"col-auto\"><h2 class=\"pxp-section-h2\">\n                                        Pesquisar por categoria\n                                    <\/h2><p class=\"pxp-text-light\">\n                                        Pesquise sua oportunidade de carreira com nossas categorias\n                                    <\/p><\/div>\n                                <div class=\"col-auto\">\n                                    <div class=\"text-right\">\n                                        <a \n                                            href=\"https:\/\/favag.edu.br\/conecta\/vagas-disponiveis\/\" \n                                            class=\"btn pxp-section-cta-o\"\n                                        >\n                                            Todas As Categorias\n                                            <span class=\"fa fa-angle-right\"><\/span>\n                                        <\/a>\n                                    <\/div>\n                                <\/div>\n                            <\/div>\n                            <div class=\"pxp-categories-carousel owl-carousel mt-4 mt-md-5 pxp-animate-in pxp-animate-in-top\"><a \n                                        href=\"https:\/\/favag.edu.br\/conecta\/vagas-disponiveis\/?category=39\" \n                                        class=\"pxp-categories-card-1\"\n                                    >\n                                        <div class=\"pxp-categories-card-1-icon-container\"><div class=\"pxp-categories-card-1-icon\">\n                                                <span class=\"fa fa-comments-o\"><\/span>\n                                            <\/div><\/div>\n                                        <div class=\"pxp-categories-card-1-title\">\n                                            Atendimento ao Cliente\n                                        <\/div>\n                                        <div class=\"pxp-categories-card-1-subtitle\">\n                                            1 vagas abertas\n                                        <\/div>\n                                    <\/a><\/div>\n                        <\/div>\n                    <\/section><div class=\"pxp-container\">\n\n<\/div><section \n                class=\"mt-100 pt-100 pb-100\" \n                style=\"background-color: #fff8ec\"\n            >\n                <div class=\"pxp-container\"><h2 class=\"pxp-section-h2 \">\n                        Ofertas de emprego em destaque\n                    <\/h2><p class=\"pxp-text-light \">\n                        Pesquise sua oportunidade de carreira\n                    <\/p><div class=\"row mt-4 mt-md-5 pxp-animate-in pxp-animate-in-top \"><\/div><div class=\"mt-4 mt-md-5 pxp-animate-in pxp-animate-in-top \">\n                        <a \n                            href=\"https:\/\/favag.edu.br\/conecta\/vagas-disponiveis\/\" \n                            class=\"btn rounded-pill pxp-section-cta\"\n                        >\n                            Todas As Ofertas De Emprego\n                            <span class=\"fa fa-angle-right\"><\/span>\n                        <\/a>\n                    <\/div>\n                <\/div>\n            <\/section><div class=\"pxp-container\">\n\n<\/div><section \n                class=\"mt-100 \" \n                style=\"background-color: transparent\"\n            >\n                <div class=\"pxp-container\"><h2 class=\"pxp-section-h2 \">\n                        Encontre as melhores empresas\n                    <\/h2><p class=\"pxp-text-light \">\n                        Trabalhe para as melhores empresas do mundo\n                    <\/p><div class=\"row mt-4 mt-md-5 pxp-animate-in pxp-animate-in-top \"><div class=\"col-md-6 col-xl-4 col-xxl-3 pxp-companies-card-1-container\">\n                            <div class=\"pxp-companies-card-1 pxp-has-border\">\n                                <div class=\"pxp-companies-card-1-top\"><a \n                                        href=\"https:\/\/favag.edu.br\/conecta\/empresas\/favag\/\" \n                                        class=\"pxp-companies-card-1-company-logo\" \n                                        style=\"background-image: url(https:\/\/favag.edu.br\/conecta\/wp-content\/uploads\/2024\/05\/favag_logo-1-1-160x113.png);\"\n                                    ><\/a><a \n                                        href=\"https:\/\/favag.edu.br\/conecta\/empresas\/favag\/\" \n                                        class=\"pxp-companies-card-1-company-name\"\n                                    >\n                                        FAVAG\n                                    <\/a>\n                                    <div class=\"pxp-companies-card-1-company-description pxp-text-light\">\n                                        A Faculdade Vale do Gorutuba \u2013 FAVAG \u00e9 um estabelecimento isolado de ensino superior criado e mantido pela Associa\u00e7\u00e3o de Ensino Vale do Gorutuba S\/C Ltda \u2013 AEVAG, pessoa jur\u00eddica&#046;&#046;&#046;\n                                    <\/div>\n                                <\/div>\n                                <div class=\"pxp-companies-card-1-bottom\">\n                                    <a \n                                        href=\"https:\/\/favag.edu.br\/conecta\/empresas\/favag\/\" \n                                        class=\"pxp-companies-card-1-company-jobs\"\n                                    >\n                                        1 empregos\n                                    <\/a>\n                                <\/div>\n                            <\/div>\n                        <\/div><\/div>\n                    <div class=\"mt-4 mt-md-5 pxp-animate-in pxp-animate-in-top \">\n                        <a \n                            href=\"https:\/\/favag.edu.br\/conecta\/companies-list\/\" \n                            class=\"btn rounded-pill pxp-section-cta\"\n                        >\n                            Todas As Empresas\n                            <span class=\"fa fa-angle-right\"><\/span>\n                        <\/a>\n                    <\/div>\n                <\/div>\n            <\/section><div class=\"pxp-container\">\n\n<\/div><section class=\"mt-100\">\n                <div class=\"pxp-container\"><h2 class=\"pxp-section-h2 text-center\">\n                        Mantenha-se atualizado\n                    <\/h2><p class=\"pxp-text-light text-center\">\n                        Assine nossa newsletter para receber nossos informativos.\n                    <\/p><div class=\"row mt-4 mt-md-5 justify-content-center\">\n                        <div class=\"col-md-9 col-lg-7 col-xl-6 col-xxl-5\">\n                            <div class=\"pxp-subscribe-1-container pxp-animate-in pxp-animate-in-top\"><div class=\"pxp-subscribe-1-image\">\n                                    <img decoding=\"async\" \n                                        src=\"https:\/\/favag.edu.br\/conecta\/wp-content\/uploads\/2022\/06\/subscribe.png\" \n                                        alt=\"Mantenha-se atualizado\"\n                                    >\n                                <\/div><div class=\"pxp-subscribe-1-form\">\n                                    <form>\n                                        <input type=\"hidden\" id=\"pxp-subscribe-block-security\" name=\"pxp-subscribe-block-security\" value=\"d45acdca9a\" \/><input type=\"hidden\" name=\"_wp_http_referer\" value=\"\/conecta\/wp-json\/wp\/v2\/pages\/166\" \/>\n                                        <div class=\"pxp-subscribe-1-form-response\"><\/div>\n                                        <div class=\"input-group\">\n                                            <input \n                                                type=\"email\" \n                                                class=\"form-control\" \n                                                id=\"pxp-subscribe-1-form-email\" \n                                                placeholder=\"Digite seu e-mail...\"\n                                            >\n                                            <button \n                                                class=\"btn btn-primary pxp-subscribe-1-form-btn\" \n                                                type=\"button\"\n                                            >\n                                                <span class=\"pxp-subscribe-1-form-btn-text\">\n                                                    Assinar\n                                                <\/span>\n                                                <span class=\"pxp-subscribe-1-form-btn-loading pxp-btn-loading\">\n                                                    <img decoding=\"async\" \n                                                        src=\"https:\/\/favag.edu.br\/conecta\/wp-content\/themes\/jobster\/images\/loader-light.svg\" \n                                                        class=\"pxp-btn-loader\" \n                                                        alt=\"...\"\n                                                    >\n                                                <\/span>\n                                                <span class=\"fa fa-angle-right\"><\/span>\n                                            <\/button>\n                                        <\/div>\n                                    <\/form>\n                                <\/div>\n                            <\/div>\n                        <\/div>\n                    <\/div>\n                <\/div>\n            <\/section>","protected":false},"excerpt":{"rendered":"","protected":false},"author":1,"featured_media":0,"parent":0,"menu_order":0,"comment_status":"closed","ping_status":"closed","template":"full-width.php","meta":{"footnotes":""},"class_list":["post-166","page","type-page","status-publish","hentry"],"_links":{"self":[{"href":"https:\/\/favag.edu.br\/conecta\/wp-json\/wp\/v2\/pages\/166","targetHints":{"allow":["GET"]}}],"collection":[{"href":"https:\/\/favag.edu.br\/conecta\/wp-json\/wp\/v2\/pages"}],"about":[{"href":"https:\/\/favag.edu.br\/conecta\/wp-json\/wp\/v2\/types\/page"}],"author":[{"embeddable":true,"href":"https:\/\/favag.edu.br\/conecta\/wp-json\/wp\/v2\/users\/1"}],"replies":[{"embeddable":true,"href":"https:\/\/favag.edu.br\/conecta\/wp-json\/wp\/v2\/comments?post=166"}],"version-history":[{"count":3,"href":"https:\/\/favag.edu.br\/conecta\/wp-json\/wp\/v2\/pages\/166\/revisions"}],"predecessor-version":[{"id":315,"href":"https:\/\/favag.edu.br\/conecta\/wp-json\/wp\/v2\/pages\/166\/revisions\/315"}],"wp:attachment":[{"href":"https:\/\/favag.edu.br\/conecta\/wp-json\/wp\/v2\/media?parent=166"}],"curies":[{"name":"wp","href":"https:\/\/api.w.org\/{rel}","templated":true}]}}