{"id":168,"date":"2022-06-08T15:39:09","date_gmt":"2022-06-08T15:39:09","guid":{"rendered":"https:\/\/pixelprime.co\/themes\/jobster-wp\/demo-1\/?page_id=139"},"modified":"2024-05-22T11:09:18","modified_gmt":"2024-05-22T14:09:18","slug":"frequently-asked-questions","status":"publish","type":"page","link":"https:\/\/favag.edu.br\/conecta\/frequently-asked-questions\/","title":{"rendered":"Perguntas Frequentes"},"content":{"rendered":"<section class=\"pt-100\">\n                <div class=\"pxp-container\"><h2 class=\"pxp-section-h2 text-center\">\n                        Perguntas Frequentes\n                    <\/h2><p class=\"pxp-text-light text-center\">\n                        Ajudamos empregadores e candidatos a encontrar a op\u00e7\u00e3o certa\n                    <\/p><div class=\"row mt-4 mt-lg-5 justify-content-center\">\n                        <div class=\"col-xxl-7\">\n                            <div \n                                class=\"accordion pxp-faqs-accordion pxp-animate-in pxp-animate-in-top\" \n                                id=\"pxpFAQsAccordion\"\n                            ><div class=\"accordion-item\">\n                                    <h3 \n                                        class=\"accordion-header\" \n                                        id=\"pxpFAQsHeader1\"\n                                    >\n                                        <button \n                                            class=\"accordion-button collapsed\" \n                                            type=\"button\" \n                                            data-bs-toggle=\"collapse\" \n                                            data-bs-target=\"#pxpCollapseFAQs1\" \n                                            aria-expanded=\"false\" \n                                            aria-controls=\"pxpCollapseFAQs1\"\n                                        >\n                                            Como funciona o teste gratuito? \n                                        <\/button>\n                                    <\/h3>\n                                    <div \n                                        id=\"pxpCollapseFAQs1\" \n                                        class=\"accordion-collapse collapse\" \n                                        aria-labelledby=\"pxpFAQsHeader1\" \n                                        data-bs-parent=\"#pxpFAQsAccordion\"\n                                    >\n                                        <div class=\"accordion-body\">\n                                            Selecione um plano e obtenha um teste gratuito de 4 dias em qualquer plano de assinatura. Publique trabalhos gratuitamente durante o per\u00edodo de teste. Quando sua avalia\u00e7\u00e3o gratuita terminar, cobraremos a forma de pagamento que voc\u00ea forneceu durante a inscri\u00e7\u00e3o. Voc\u00ea pode pausar, cancelar ou alterar sua assinatura a qualquer momento fazendo login em sua conta.\n                                        <\/div>\n                                    <\/div>\n                                <\/div><div class=\"accordion-item\">\n                                    <h3 \n                                        class=\"accordion-header\" \n                                        id=\"pxpFAQsHeader2\"\n                                    >\n                                        <button \n                                            class=\"accordion-button collapsed\" \n                                            type=\"button\" \n                                            data-bs-toggle=\"collapse\" \n                                            data-bs-target=\"#pxpCollapseFAQs2\" \n                                            aria-expanded=\"false\" \n                                            aria-controls=\"pxpCollapseFAQs2\"\n                                        >\n                                            Onde meu an\u00fancio de emprego \u00e9 anunciado? \n                                        <\/button>\n                                    <\/h3>\n                                    <div \n                                        id=\"pxpCollapseFAQs2\" \n                                        class=\"accordion-collapse collapse\" \n                                        aria-labelledby=\"pxpFAQsHeader2\" \n                                        data-bs-parent=\"#pxpFAQsAccordion\"\n                                    >\n                                        <div class=\"accordion-body\">\n                                            Seu an\u00fancio de emprego \u00e9 visto na FAVAG, em centenas de sites de not\u00edcias locais\n                                        <\/div>\n                                    <\/div>\n                                <\/div><div class=\"accordion-item\">\n                                    <h3 \n                                        class=\"accordion-header\" \n                                        id=\"pxpFAQsHeader3\"\n                                    >\n                                        <button \n                                            class=\"accordion-button collapsed\" \n                                            type=\"button\" \n                                            data-bs-toggle=\"collapse\" \n                                            data-bs-target=\"#pxpCollapseFAQs3\" \n                                            aria-expanded=\"false\" \n                                            aria-controls=\"pxpCollapseFAQs3\"\n                                        >\n                                            Existe um limite de quantos candidatos podem se inscrever na minha vaga? \n                                        <\/button>\n                                    <\/h3>\n                                    <div \n                                        id=\"pxpCollapseFAQs3\" \n                                        class=\"accordion-collapse collapse\" \n                                        aria-labelledby=\"pxpFAQsHeader3\" \n                                        data-bs-parent=\"#pxpFAQsAccordion\"\n                                    >\n                                        <div class=\"accordion-body\">\n                                            N\u00e3o! O c\u00e9u \u00e9 o limite durante a sua postagem.\n                                        <\/div>\n                                    <\/div>\n                                <\/div><div class=\"accordion-item\">\n                                    <h3 \n                                        class=\"accordion-header\" \n                                        id=\"pxpFAQsHeader4\"\n                                    >\n                                        <button \n                                            class=\"accordion-button collapsed\" \n                                            type=\"button\" \n                                            data-bs-toggle=\"collapse\" \n                                            data-bs-target=\"#pxpCollapseFAQs4\" \n                                            aria-expanded=\"false\" \n                                            aria-controls=\"pxpCollapseFAQs4\"\n                                        >\n                                            Em quanto tempo come\u00e7arei a receber curr\u00edculos? \n                                        <\/button>\n                                    <\/h3>\n                                    <div \n                                        id=\"pxpCollapseFAQs4\" \n                                        class=\"accordion-collapse collapse\" \n                                        aria-labelledby=\"pxpFAQsHeader4\" \n                                        data-bs-parent=\"#pxpFAQsAccordion\"\n                                    >\n                                        <div class=\"accordion-body\">\n                                            Seu an\u00fancio de emprego estar\u00e1 dispon\u00edvel uma hora ap\u00f3s a publica\u00e7\u00e3o e voc\u00ea come\u00e7ar\u00e1 a receber curr\u00edculos dos candidatos assim que os recebermos.\n                                        <\/div>\n                                    <\/div>\n                                <\/div><div class=\"accordion-item\">\n                                    <h3 \n                                        class=\"accordion-header\" \n                                        id=\"pxpFAQsHeader5\"\n                                    >\n                                        <button \n                                            class=\"accordion-button collapsed\" \n                                            type=\"button\" \n                                            data-bs-toggle=\"collapse\" \n                                            data-bs-target=\"#pxpCollapseFAQs5\" \n                                            aria-expanded=\"false\" \n                                            aria-controls=\"pxpCollapseFAQs5\"\n                                        >\n                                            Quanto tempo levar\u00e1 para publicar meu trabalho? \n                                        <\/button>\n                                    <\/h3>\n                                    <div \n                                        id=\"pxpCollapseFAQs5\" \n                                        class=\"accordion-collapse collapse\" \n                                        aria-labelledby=\"pxpFAQsHeader5\" \n                                        data-bs-parent=\"#pxpFAQsAccordion\"\n                                    >\n                                        <div class=\"accordion-body\">\n                                            Nosso formul\u00e1rio simples de an\u00fancio de emprego deve levar apenas alguns minutos para ser preenchido. Voc\u00ea precisar\u00e1 incluir o t\u00edtulo do seu trabalho, localiza\u00e7\u00e3o, descri\u00e7\u00e3o e o endere\u00e7o de e-mail para onde deseja que as inscri\u00e7\u00f5es sejam enviadas.\n                                        <\/div>\n                                    <\/div>\n                                <\/div><div class=\"accordion-item\">\n                                    <h3 \n                                        class=\"accordion-header\" \n                                        id=\"pxpFAQsHeader6\"\n                                    >\n                                        <button \n                                            class=\"accordion-button collapsed\" \n                                            type=\"button\" \n                                            data-bs-toggle=\"collapse\" \n                                            data-bs-target=\"#pxpCollapseFAQs6\" \n                                            aria-expanded=\"false\" \n                                            aria-controls=\"pxpCollapseFAQs6\"\n                                        >\n                                            N\u00e3o tenho certeza do que colocar no meu an\u00fancio de emprego. Voc\u00ea pode ajudar? \n                                        <\/button>\n                                    <\/h3>\n                                    <div \n                                        id=\"pxpCollapseFAQs6\" \n                                        class=\"accordion-collapse collapse\" \n                                        aria-labelledby=\"pxpFAQsHeader6\" \n                                        data-bs-parent=\"#pxpFAQsAccordion\"\n                                    >\n                                        <div class=\"accordion-body\">\n                                            Absolutamente! Confira nosso guia para escrever \u00f3timas descri\u00e7\u00f5es de cargos. E para obter orienta\u00e7\u00e3o extra, d\u00ea uma olhada em alguns de nossos exemplos de descri\u00e7\u00f5es de cargos.\n                                        <\/div>\n                                    <\/div>\n                                <\/div><div class=\"accordion-item\">\n                                    <h3 \n                                        class=\"accordion-header\" \n                                        id=\"pxpFAQsHeader7\"\n                                    >\n                                        <button \n                                            class=\"accordion-button collapsed\" \n                                            type=\"button\" \n                                            data-bs-toggle=\"collapse\" \n                                            data-bs-target=\"#pxpCollapseFAQs7\" \n                                            aria-expanded=\"false\" \n                                            aria-controls=\"pxpCollapseFAQs7\"\n                                        >\n                                            Qual \u00e9 sua pol\u00edtica de cancelamento? \n                                        <\/button>\n                                    <\/h3>\n                                    <div \n                                        id=\"pxpCollapseFAQs7\" \n                                        class=\"accordion-collapse collapse\" \n                                        aria-labelledby=\"pxpFAQsHeader7\" \n                                        data-bs-parent=\"#pxpFAQsAccordion\"\n                                    >\n                                        <div class=\"accordion-body\">\n                                            Voc\u00ea pode cancelar seu Plano de Valor Mensal a qualquer momento por meio do link nas Prefer\u00eancias da Conta do Cliente. Voc\u00ea ainda poder\u00e1 usar seu Plano se ainda restarem dias em seu ciclo atual de 30 dias.\n                                        <\/div>\n                                    <\/div>\n                                <\/div><\/div>\n                        <\/div>\n                    <\/div>\n                <\/div>\n            <\/section>","protected":false},"excerpt":{"rendered":"","protected":false},"author":1,"featured_media":0,"parent":0,"menu_order":0,"comment_status":"closed","ping_status":"closed","template":"full-width.php","meta":{"footnotes":""},"class_list":["post-168","page","type-page","status-publish","hentry"],"_links":{"self":[{"href":"https:\/\/favag.edu.br\/conecta\/wp-json\/wp\/v2\/pages\/168","targetHints":{"allow":["GET"]}}],"collection":[{"href":"https:\/\/favag.edu.br\/conecta\/wp-json\/wp\/v2\/pages"}],"about":[{"href":"https:\/\/favag.edu.br\/conecta\/wp-json\/wp\/v2\/types\/page"}],"author":[{"embeddable":true,"href":"https:\/\/favag.edu.br\/conecta\/wp-json\/wp\/v2\/users\/1"}],"replies":[{"embeddable":true,"href":"https:\/\/favag.edu.br\/conecta\/wp-json\/wp\/v2\/comments?post=168"}],"version-history":[{"count":1,"href":"https:\/\/favag.edu.br\/conecta\/wp-json\/wp\/v2\/pages\/168\/revisions"}],"predecessor-version":[{"id":305,"href":"https:\/\/favag.edu.br\/conecta\/wp-json\/wp\/v2\/pages\/168\/revisions\/305"}],"wp:attachment":[{"href":"https:\/\/favag.edu.br\/conecta\/wp-json\/wp\/v2\/media?parent=168"}],"curies":[{"name":"wp","href":"https:\/\/api.w.org\/{rel}","templated":true}]}}