{"id":172,"date":"2022-06-08T15:45:32","date_gmt":"2022-06-08T15:45:32","guid":{"rendered":"https:\/\/pixelprime.co\/themes\/jobster-wp\/demo-1\/?page_id=147"},"modified":"2025-01-04T08:08:40","modified_gmt":"2025-01-04T11:08:40","slug":"sobre-nos","status":"publish","type":"page","link":"https:\/\/favag.edu.br\/conecta\/sobre-nos\/","title":{"rendered":"Sobre n\u00f3s"},"content":{"rendered":"<div class=\"pxp-container\">\n<div class=\"wp-block-columns is-layout-flex wp-container-core-columns-is-layout-9d6595d7 wp-block-columns-is-layout-flex\"><div class=\"pxp-container\">\n<div class=\"wp-block-column is-layout-flow wp-block-column-is-layout-flow\" style=\"flex-basis:20%\"><\/div>\n<\/div>\n\n<div class=\"pxp-container\">\n<div class=\"wp-block-column is-layout-flow wp-block-column-is-layout-flow\"><div class=\"pxp-container\">\n<p class=\"has-text-align-center\">A Faculdade Vale do Gorutuba \u2013 FAVAG \u00e9 um estabelecimento isolado de ensino superior criado e mantido pela Associa\u00e7\u00e3o de Ensino Vale do Gorutuba S\/C Ltda \u2013 AEVAG, pessoa jur\u00eddica de direito privado, registrada no cart\u00f3rio de registro de Pessoas Jur\u00eddicas de Jana\u00faba \u2013 MG, sob n\u00ba AV1\/422 do livro A, em 23\/05\/2001. A Faculdade Vale do Gorutuba e sua mantenedora t\u00eam como sua sede e foro a cidade de Nova Porteirinha, Estado de Minas Gerais, \u00e0 Av. Tancredo de Almeida Neves, 302, Bairro: Centro.<\/p>\n<\/div>\n\n<div class=\"pxp-container\">\n<p class=\"has-text-align-center\">A FAVAG, como proposta de crescimento regional fundamentado no desenvolvimento educacional e social, na preserva\u00e7\u00e3o da cultura e sustentado no desenvolvimento econ\u00f4mico que o vale do Gorutuba garante a seu povo atrav\u00e9s de seus recursos naturais aliados aos tecnol\u00f3gicos, inicia suas atividades em setembro de 2003 com quatro cursos: Administra\u00e7\u00e3o, Pedagogia, Matem\u00e1tica e Servi\u00e7o social aos quais, se integra o curso de Direito, seguindo por Engenharia Civil, Arquitetura e Urbanismo, Ci\u00eancias Cont\u00e1beis, Teologia, Educa\u00e7\u00e3o F\u00edsica e Psicologia.<br><br>Veja aseguir os passos para ver vagas\/curriculos disponiveis:<\/p>\n<\/div><\/div>\n<\/div>\n\n<div class=\"pxp-container\">\n<div class=\"wp-block-column is-layout-flow wp-block-column-is-layout-flow\" style=\"flex-basis:20%\"><\/div>\n<\/div><\/div>\n<\/div><div class=\"pxp-container\">\n\n<\/div><section \n                class=\"mt-100\" \n                id=\"pxp-services-1-69ea35c94178a\"\n            >\n                <div class=\"pxp-container\"><h2 class=\"pxp-section-h2 text-center\">\n                        Queremos saber mais sobre voc\u00ea\n                    <\/h2><p class=\"pxp-text-light text-center\">\n                        Selecione seu perfil\n                    <\/p><div class=\"row mt-4 mt-md-5 pxp-animate-in pxp-animate-in-top justify-content-evenly\"><\/div>\n                <\/div>\n            <\/section><style>\n                    #pxp-services-1-69ea35c94178a .pxp-services-1-item-icon::before {\n                        background-color: #fff0d9;\n                    }\n                <\/style><div class=\"pxp-container\">\n\n<\/div><section class=\"mt-100\">\n                <div class=\"pxp-container\">\n                    <div class=\"row justify-content-between align-items-center mt-4 mt-md-5\">\n                        <div class=\"col-lg-6 col-xxl-5\">\n                            <div class=\"pxp-info-fig pxp-animate-in pxp-animate-in-right\"><div \n                                    class=\"pxp-info-fig-image pxp-cover\" \n                                    style=\"background-image: url(https:\/\/favag.edu.br\/conecta\/wp-content\/uploads\/2022\/06\/candidate-cover-4-scaled-1.jpeg);\"\n                                ><\/div><div class=\"pxp-info-stats\"><div class=\"pxp-info-stats-item pxp-animate-in pxp-animate-bounce\"><div class=\"pxp-info-stats-item-number\">130<span>Ofertas de emprego<\/span>\n                                        <\/div><div class=\"pxp-info-stats-item-description\">\n                                            em Desenvolvimento de Neg\u00f3cios\n                                        <\/div>\n                                    <\/div><div class=\"pxp-info-stats-item pxp-animate-in pxp-animate-bounce\"><div class=\"pxp-info-stats-item-number\">480<span>Ofertas de emprego<\/span>\n                                        <\/div><div class=\"pxp-info-stats-item-description\">\n                                            em Marketing e Comunica\u00e7\u00e3o\n                                        <\/div>\n                                    <\/div><div class=\"pxp-info-stats-item pxp-animate-in pxp-animate-bounce\"><div class=\"pxp-info-stats-item-number\">312<span>Ofertas de emprego<\/span>\n                                        <\/div><div class=\"pxp-info-stats-item-description\">\n                                            em Recursos Humanos\n                                        <\/div>\n                                    <\/div><\/div>\n                            <\/div>\n                        <\/div>\n                        <div class=\"col-lg-5 col-xxl-6\">\n                            <div class=\"pxp-info-caption mt-4 mt-sm-5 mt-lg-0 pxp-animate-in pxp-animate-in-top\"><h2 class=\"pxp-section-h2\">\n                                    Diversas vagas de empregos. Encontre o que combina com voc\u00ea.\n                                <\/h2><p class=\"pxp-text-light\">\n                                    Pesquise todas as vagas abertas no site. Obtenha sua pr\u00f3pria estimativa salarial personalizada. Leia avalia\u00e7\u00f5es sobre mais de 1500 empresas em toda regi\u00e3o.\n                                <\/p><div class=\"pxp-info-caption-list\"><\/div><div class=\"pxp-info-caption-cta\">\n                                    <a \n                                        href=\"#\" \n                                        class=\"btn rounded-pill pxp-section-cta\"\n                                    >\n                                        Comece agora\n                                        <span class=\"fa fa-angle-right\"><\/span>\n                                    <\/a>\n                                <\/div><\/div>\n                        <\/div>\n                    <\/div>\n                <\/div>\n            <\/section><div class=\"pxp-container\">\n\n<\/div><section class=\"mt-100\">\n                <div class=\"pxp-container\"><h2 class=\"pxp-section-h2 text-center\">\n                        Por que os clientes nos amam\n                    <\/h2><p class=\"pxp-text-light text-center\">\n                        O que nossos clientes dizem sobre n\u00f3s\n                    <\/p><div class=\"pxp-testimonials-1\">\n                        <div class=\"pxp-testimonials-1-circles d-none d-md-block\">\n                            <div \n                                class=\"pxp-testimonials-1-circles-item pxp-item-1 pxp-cover pxp-animate-in pxp-animate-bounce\" \n                                style=\"background-image: url(https:\/\/favag.edu.br\/conecta\/wp-content\/plugins\/jobster-plugin\/images\/customer-1.png);\"\n                            ><\/div>\n                            <div class=\"pxp-testimonials-1-circles-item pxp-item-2 pxp-animate-in pxp-animate-bounce\"><\/div>\n                            <div class=\"pxp-testimonials-1-circles-item pxp-item-3 pxp-animate-in pxp-animate-bounce\"><\/div>\n                            <div \n                                class=\"pxp-testimonials-1-circles-item pxp-item-4 pxp-cover pxp-animate-in pxp-animate-bounce\" \n                                style=\"background-image: url(https:\/\/favag.edu.br\/conecta\/wp-content\/plugins\/jobster-plugin\/images\/customer-2.png);\"\n                            ><\/div>\n                            <div \n                                class=\"pxp-testimonials-1-circles-item pxp-item-5 pxp-cover pxp-animate-in pxp-animate-bounce\" \n                                style=\"background-image: url(https:\/\/favag.edu.br\/conecta\/wp-content\/plugins\/jobster-plugin\/images\/customer-3.png);\"\n                            ><\/div>\n                            <div class=\"pxp-testimonials-1-circles-item pxp-item-6 pxp-animate-in pxp-animate-bounce\"><\/div>\n                            <div \n                                class=\"pxp-testimonials-1-circles-item pxp-item-7 pxp-cover pxp-animate-in pxp-animate-bounce\" \n                                style=\"background-image: url(https:\/\/favag.edu.br\/conecta\/wp-content\/plugins\/jobster-plugin\/images\/customer-4.png);\"\n                            ><\/div>\n                            <div class=\"pxp-testimonials-1-circles-item pxp-item-8 pxp-animate-in pxp-animate-bounce\"><\/div>\n                            <div \n                                class=\"pxp-testimonials-1-circles-item pxp-item-9 pxp-cover pxp-animate-in pxp-animate-bounce\" \n                                style=\"background-image: url(https:\/\/favag.edu.br\/conecta\/wp-content\/plugins\/jobster-plugin\/images\/customer-5.png);\"\n                            ><\/div>\n                            <div \n                                class=\"pxp-testimonials-1-circles-item pxp-item-10 pxp-cover pxp-animate-in pxp-animate-bounce\" \n                                style=\"background-image: url(https:\/\/favag.edu.br\/conecta\/wp-content\/plugins\/jobster-plugin\/images\/customer-6.png);\"\n                            ><\/div>\n                        <\/div>\n\n                        <div class=\"pxp-testimonials-1-carousel-container\">\n                            <div class=\"row justify-content-center align-items-center\">\n                                <div class=\"col-10 col-md-6 col-lg-6 col-xl-5 col-xxl-4\">\n                                    <div class=\"pxp-testimonials-1-carousel pxp-animate-in pxp-animate-in-top\">\n                                        <div \n                                            id=\"pxpTestimonials1Carousel\" \n                                            class=\"carousel slide\" data-bs-ride=\"carousel\"\n                                        >\n                                            <div class=\"carousel-inner\"><div class=\"carousel-item text-center active\">\n                                                    <div class=\"pxp-testimonials-1-carousel-item-text\">\n                                                        A FAVAG \u00e9 um local de trabalho em constante mudan\u00e7a, que se esfor\u00e7a para inovar ao reunir empregadores e candidatos. Dedicamo-nos a melhorar a vida dos nossos clientes e tamb\u00e9m dos nossos pr\u00f3prios funcion\u00e1rios.\n                                                    <\/div>\n                                                    <div class=\"pxp-testimonials-1-carousel-item-name\">\n                                                        Rebecca Eason\n                                                    <\/div>\n                                                    <div class=\"pxp-testimonials-1-carousel-item-company\">\n                                                        FAVAG\n                                                    <\/div>\n                                                <\/div><div class=\"carousel-item text-center \">\n                                                    <div class=\"pxp-testimonials-1-carousel-item-text\">\n                                                        Todos os dias, sou inspirado por meus colegas para impulsionar a inova\u00e7\u00e3o que alcan\u00e7a isso. A FAVAG promove um ambiente de confian\u00e7a e suporte onde posso impulsionar o sucesso do cliente.\n                                                    <\/div>\n                                                    <div class=\"pxp-testimonials-1-carousel-item-name\">\n                                                        Kenneth Spiers\n                                                    <\/div>\n                                                    <div class=\"pxp-testimonials-1-carousel-item-company\">\n                                                        FAVAG\n                                                    <\/div>\n                                                <\/div><div class=\"carousel-item text-center \">\n                                                    <div class=\"pxp-testimonials-1-carousel-item-text\">\n                                                        A Illuminate Studio \u00e9 um local de trabalho em constante mudan\u00e7a, que se esfor\u00e7a para inovar ao reunir empregadores e candidatos. Dedicamo-nos a melhorar a vida dos nossos clientes e tamb\u00e9m dos nossos pr\u00f3prios funcion\u00e1rios.\n                                                    <\/div>\n                                                    <div class=\"pxp-testimonials-1-carousel-item-name\">\n                                                        Susanne Weil\n                                                    <\/div>\n                                                    <div class=\"pxp-testimonials-1-carousel-item-company\">\n                                                        Illuminate Studio\n                                                    <\/div>\n                                                <\/div><\/div>\n                                            <button \n                                                class=\"carousel-control-prev\" \n                                                type=\"button\" \n                                                data-bs-target=\"#pxpTestimonials1Carousel\" \n                                                data-bs-slide=\"prev\"\n                                            >\n                                                <span class=\"fa fa-angle-left\" aria-hidden=\"true\"><\/span>\n                                                <span class=\"visually-hidden\">Previous<\/span>\n                                            <\/button>\n                                            <button \n                                                class=\"carousel-control-next\" \n                                                type=\"button\" \n                                                data-bs-target=\"#pxpTestimonials1Carousel\" \n                                                data-bs-slide=\"next\"\n                                            >\n                                                <span class=\"fa fa-angle-right\" aria-hidden=\"true\"><\/span>\n                                                <span class=\"visually-hidden\">Next<\/span>\n                                            <\/button>\n                                        <\/div>\n                                    <\/div>\n                                <\/div>\n                            <\/div>\n                        <\/div>\n                    <\/div>\n                <\/div>\n            <\/section><div class=\"pxp-container\">\n\n<\/div><section class=\"mt-100\">\n                <div class=\"pxp-container\"><h2 class=\"pxp-section-h2 text-center\">\n                        Mantenha-se atualizado\n                    <\/h2><p class=\"pxp-text-light text-center\">\n                        Assine nossa newsletter para receber as \u00faltimas novidades.\n                    <\/p><div class=\"row mt-4 mt-md-5 justify-content-center\">\n                        <div class=\"col-md-9 col-lg-7 col-xl-6 col-xxl-5\">\n                            <div class=\"pxp-subscribe-1-container pxp-animate-in pxp-animate-in-top\"><div class=\"pxp-subscribe-1-image\">\n                                    <img decoding=\"async\" \n                                        src=\"https:\/\/favag.edu.br\/conecta\/wp-content\/uploads\/2025\/01\/email-3d-icon-download-in-png-blend-fbx-gltf-file-formats-mail-envelope-message-letter-contact-us-pack-tech-support-icons-5523022.webp\" \n                                        alt=\"Mantenha-se atualizado\"\n                                    >\n                                <\/div><div class=\"pxp-subscribe-1-form\">\n                                    <form>\n                                        <input type=\"hidden\" id=\"pxp-subscribe-block-security\" name=\"pxp-subscribe-block-security\" value=\"d45acdca9a\" \/><input type=\"hidden\" name=\"_wp_http_referer\" value=\"\/conecta\/wp-json\/wp\/v2\/pages\/172\" \/>\n                                        <div class=\"pxp-subscribe-1-form-response\"><\/div>\n                                        <div class=\"input-group\">\n                                            <input \n                                                type=\"email\" \n                                                class=\"form-control\" \n                                                id=\"pxp-subscribe-1-form-email\" \n                                                placeholder=\"Digite seu e-mail...\"\n                                            >\n                                            <button \n                                                class=\"btn btn-primary pxp-subscribe-1-form-btn\" \n                                                type=\"button\"\n                                            >\n                                                <span class=\"pxp-subscribe-1-form-btn-text\">\n                                                    Assinar\n                                                <\/span>\n                                                <span class=\"pxp-subscribe-1-form-btn-loading pxp-btn-loading\">\n                                                    <img decoding=\"async\" \n                                                        src=\"https:\/\/favag.edu.br\/conecta\/wp-content\/themes\/jobster\/images\/loader-light.svg\" \n                                                        class=\"pxp-btn-loader\" \n                                                        alt=\"...\"\n                                                    >\n                                                <\/span>\n                                                <span class=\"fa fa-angle-right\"><\/span>\n                                            <\/button>\n                                        <\/div>\n                                    <\/form>\n                                <\/div>\n                            <\/div>\n                        <\/div>\n                    <\/div>\n                <\/div>\n            <\/section>","protected":false},"excerpt":{"rendered":"<p>A Faculdade Vale do Gorutuba \u2013 FAVAG \u00e9 um estabelecimento isolado de ensino superior criado e mantido pela Associa\u00e7\u00e3o de Ensino Vale do Gorutuba S\/C Ltda \u2013 AEVAG, pessoa jur\u00eddica&#46;&#46;&#46;<\/p>\n","protected":false},"author":1,"featured_media":0,"parent":0,"menu_order":0,"comment_status":"closed","ping_status":"closed","template":"full-width.php","meta":{"footnotes":""},"class_list":["post-172","page","type-page","status-publish","hentry"],"_links":{"self":[{"href":"https:\/\/favag.edu.br\/conecta\/wp-json\/wp\/v2\/pages\/172","targetHints":{"allow":["GET"]}}],"collection":[{"href":"https:\/\/favag.edu.br\/conecta\/wp-json\/wp\/v2\/pages"}],"about":[{"href":"https:\/\/favag.edu.br\/conecta\/wp-json\/wp\/v2\/types\/page"}],"author":[{"embeddable":true,"href":"https:\/\/favag.edu.br\/conecta\/wp-json\/wp\/v2\/users\/1"}],"replies":[{"embeddable":true,"href":"https:\/\/favag.edu.br\/conecta\/wp-json\/wp\/v2\/comments?post=172"}],"version-history":[{"count":3,"href":"https:\/\/favag.edu.br\/conecta\/wp-json\/wp\/v2\/pages\/172\/revisions"}],"predecessor-version":[{"id":335,"href":"https:\/\/favag.edu.br\/conecta\/wp-json\/wp\/v2\/pages\/172\/revisions\/335"}],"wp:attachment":[{"href":"https:\/\/favag.edu.br\/conecta\/wp-json\/wp\/v2\/media?parent=172"}],"curies":[{"name":"wp","href":"https:\/\/api.w.org\/{rel}","templated":true}]}}